{"id":119,"date":"2022-11-18T22:32:38","date_gmt":"2022-11-18T22:32:38","guid":{"rendered":"https:\/\/villamenethea.com\/?page_id=119"},"modified":"2023-01-03T09:01:33","modified_gmt":"2023-01-03T09:01:33","slug":"contact","status":"publish","type":"page","link":"https:\/\/villamenethea.com\/fr\/contact\/","title":{"rendered":"Contact"},"content":{"rendered":"<div data-vc-full-width=\"true\" data-vc-full-width-init=\"false\" class=\"vc_row wpb_row vc_row-fluid headertitle vc_custom_1668811117963 vc_row-has-fill vc_row-o-equal-height vc_row-o-content-middle vc_row-flex la_fp_slide la_fp_child_section\"><div class=\"wpb_column vc_column_container vc_col-sm-12\"><div class=\"vc_column-inner\"><div class=\"wpb_wrapper\"><div class=\"vc_row wpb_row vc_inner vc_row-fluid titlesection vc_row-o-equal-height vc_row-o-content-middle vc_row-flex\"><div class=\"wpb_column vc_column_container vc_col-sm-12\"><div class=\"vc_column-inner\"><div class=\"wpb_wrapper\"><h1 style=\"font-size: 84px;text-align: left\" class=\"vc_custom_heading wpb_animate_when_almost_visible wpb_fadeInLeft fadeInLeft\" >Nous contacter<\/h1><p style=\"font-size: 18px;text-align: left\" class=\"vc_custom_heading subtitle wpb_animate_when_almost_visible wpb_fadeInLeft fadeInLeft translation-block\" >Pour tout type d'informations, de clarifications ou de demandes de r\u00e9servation, n'h\u00e9sitez pas \u00e0<br>\ncontactez-nous \u00e0 tout moment \u00e0: info@villamenethea.com<\/p><\/div><\/div><\/div><\/div><\/div><\/div><\/div><\/div><div class=\"vc_row-full-width vc_clearfix\"><\/div><div id=\"form\" data-vc-full-width=\"true\" data-vc-full-width-init=\"false\" class=\"vc_row wpb_row vc_row-fluid headertitle vc_custom_1668811482760 vc_row-o-equal-height vc_row-o-content-middle vc_row-flex la_fp_slide la_fp_child_section\"><div class=\"wpb_column vc_column_container vc_col-sm-12\"><div class=\"vc_column-inner\"><div class=\"wpb_wrapper\"><div class=\"vc_row wpb_row vc_inner vc_row-fluid vc_row-o-equal-height vc_row-o-content-middle vc_row-flex\"><div class=\"wpb_column vc_column_container vc_col-sm-6\" id=\"formContent\"><div class=\"vc_column-inner\"><div class=\"wpb_wrapper\"><p style=\"text-align: left\" class=\"vc_custom_heading formcontent wpb_animate_when_almost_visible wpb_fadeInRight fadeInRight\" >EMAIL<\/p><h2 style=\"font-size: 32px;color: #ff896b;text-align: left\" class=\"vc_custom_heading wpb_animate_when_almost_visible wpb_fadeInRight fadeInRight\" ><a href=\"mailto:info@villamenethea.com\">info@villamenethea.com<\/a><\/h2><p style=\"text-align: left\" class=\"vc_custom_heading formcontent wpb_animate_when_almost_visible wpb_fadeInRight fadeInRight\" >ADRESSE<\/p><h2 style=\"font-size: 32px;color: #ff896b;text-align: left\" class=\"vc_custom_heading wpb_animate_when_almost_visible wpb_fadeInRight fadeInRight\" ><a href=\"https:\/\/goo.gl\/maps\/MBNPYDmnzWMxMhx9A\" target=\" _blank\">Villa Menethea, Linia, 49080, Greece<\/a><\/h2><\/div><\/div><\/div><div class=\"wpb_column vc_column_container vc_col-sm-6\"><div class=\"vc_column-inner\"><div class=\"wpb_wrapper\"><div class=\"wpb_gmaps_widget wpb_content_element\" >\n\t\t<div class=\"wpb_wrapper\">\n\t\t<div class=\"wpb_map_wraper\">\n\t\t\t<iframe src=\"https:\/\/www.google.com\/maps\/embed?pb=!1m18!1m12!1m3!1d6162.284436823239!2d19.936720077668625!3d39.44351745333149!2m3!1f0!2f0!3f0!3m2!1i1024!2i768!4f13.1!3m3!1m2!1s0x135ca2058f0c9fbd%3A0xf5b5c89869283816!2zzpvOr869zrnOsSA0OTAgODA!5e0!3m2!1sel!2sgr!4v1668954397270!5m2!1sel!2sgr\" style=\"border:0;\" height=\"300\" allowfullscreen=\"\" loading=\"lazy\" referrerpolicy=\"no-referrer-when-downgrade\"><\/iframe>\t\t<\/div>\n\t<\/div>\n<\/div>\n<\/div><\/div><\/div><\/div><\/div><\/div><\/div><\/div><div class=\"vc_row-full-width vc_clearfix\"><\/div>","protected":false},"excerpt":{"rendered":"Contact UsFor any kind of information, clarifications or booking requests feel free to contact us any time at: info@villamenethea.comEMAILinfo@villamenethea.comADDRESSVilla Menethea, Linia, 49080, Greece","protected":false},"author":1,"featured_media":0,"parent":0,"menu_order":0,"comment_status":"closed","ping_status":"closed","template":"","meta":{"footnotes":""},"class_list":["post-119","page","type-page","status-publish","hentry"],"_links":{"self":[{"href":"https:\/\/villamenethea.com\/fr\/wp-json\/wp\/v2\/pages\/119","targetHints":{"allow":["GET"]}}],"collection":[{"href":"https:\/\/villamenethea.com\/fr\/wp-json\/wp\/v2\/pages"}],"about":[{"href":"https:\/\/villamenethea.com\/fr\/wp-json\/wp\/v2\/types\/page"}],"author":[{"embeddable":true,"href":"https:\/\/villamenethea.com\/fr\/wp-json\/wp\/v2\/users\/1"}],"replies":[{"embeddable":true,"href":"https:\/\/villamenethea.com\/fr\/wp-json\/wp\/v2\/comments?post=119"}],"version-history":[{"count":27,"href":"https:\/\/villamenethea.com\/fr\/wp-json\/wp\/v2\/pages\/119\/revisions"}],"predecessor-version":[{"id":381,"href":"https:\/\/villamenethea.com\/fr\/wp-json\/wp\/v2\/pages\/119\/revisions\/381"}],"wp:attachment":[{"href":"https:\/\/villamenethea.com\/fr\/wp-json\/wp\/v2\/media?parent=119"}],"curies":[{"name":"wp","href":"https:\/\/api.w.org\/{rel}","templated":true}]}}