{"id":138,"date":"2022-11-18T22:52:29","date_gmt":"2022-11-18T22:52:29","guid":{"rendered":"https:\/\/villamenethea.com\/?page_id=138"},"modified":"2022-12-27T21:40:32","modified_gmt":"2022-12-27T21:40:32","slug":"about-us","status":"publish","type":"page","link":"https:\/\/villamenethea.com\/fr\/about-us\/","title":{"rendered":"\u00c0 propos de nous"},"content":{"rendered":"<div data-vc-full-width=\"true\" data-vc-full-width-init=\"false\" class=\"vc_row wpb_row vc_row-fluid headertitle vc_custom_1668812005749 vc_row-has-fill vc_row-o-equal-height vc_row-o-content-middle vc_row-flex la_fp_slide la_fp_child_section\"><div class=\"wpb_column vc_column_container vc_col-sm-12\"><div class=\"vc_column-inner\"><div class=\"wpb_wrapper\"><div class=\"vc_row wpb_row vc_inner vc_row-fluid titlesection vc_row-o-equal-height vc_row-o-content-middle vc_row-flex\"><div class=\"wpb_column vc_column_container vc_col-sm-12\"><div class=\"vc_column-inner\"><div class=\"wpb_wrapper\"><h1 style=\"font-size: 84px;text-align: left\" class=\"vc_custom_heading wpb_animate_when_almost_visible wpb_fadeInLeft fadeInLeft\" >\u00c0 propos de Villa Menethea<\/h1><p style=\"font-size: 18px;text-align: left\" class=\"vc_custom_heading subtitle wpb_animate_when_almost_visible wpb_fadeInLeft fadeInLeft\" >La Villa Menethea est une propri\u00e9t\u00e9 familiale et est propos\u00e9e \u00e0 la location, afin que davantage de personnes puissent profiter des avantages de l'intimit\u00e9, du calme et de la nature.<\/p><\/div><\/div><\/div><\/div><\/div><\/div><\/div><\/div><div class=\"vc_row-full-width vc_clearfix\"><\/div><div id=\"about\" data-vc-full-width=\"true\" data-vc-full-width-init=\"false\" class=\"vc_row wpb_row vc_row-fluid vc_custom_1668812638648 vc_row-o-equal-height vc_row-o-content-middle vc_row-flex la_fp_slide la_fp_child_section\"><div class=\"wpb_column vc_column_container vc_col-sm-12\"><div class=\"vc_column-inner\"><div class=\"wpb_wrapper\"><h2 style=\"font-size: 48px;text-align: center\" class=\"vc_custom_heading wpb_animate_when_almost_visible wpb_fadeInUp fadeInUp\" >La gestion<\/h2><div class=\"vc_separator wpb_content_element vc_separator_align_center vc_sep_width_10 vc_sep_pos_align_center vc_separator_no_text vc_sep_color_black vc_custom_1668812652770  vc_custom_1668812652770 wpb_animate_when_almost_visible wpb_fadeInUp fadeInUp wpb_animate_when_almost_visible wpb_fadeInUp fadeInUp\" ><span class=\"vc_sep_holder vc_sep_holder_l\"><span  class=\"vc_sep_line\"><\/span><\/span><span class=\"vc_sep_holder vc_sep_holder_r\"><span  class=\"vc_sep_line\"><\/span><\/span>\n<\/div><div class=\"vc_row wpb_row vc_inner vc_row-fluid vc_row-o-equal-height vc_row-o-content-middle vc_row-flex\"><div class=\"wpb_column vc_column_container vc_col-sm-4\"><div class=\"vc_column-inner\"><div class=\"wpb_wrapper\">\n\t<div  class=\"wpb_single_image wpb_content_element vc_align_left  wpb_animate_when_almost_visible wpb_fadeIn fadeIn\">\n\t\t\n\t\t<figure class=\"wpb_wrapper vc_figure\">\n\t\t\t<div class=\"vc_single_image-wrapper   vc_box_border_grey\"><img loading=\"lazy\" decoding=\"async\" width=\"767\" height=\"885\" src=\"https:\/\/villamenethea.com\/wp-content\/uploads\/2022\/11\/about.jpg\" class=\"vc_single_image-img attachment-full\" alt=\"\" \/><\/div>\n\t\t<\/figure>\n\t<\/div>\n<\/div><\/div><\/div><div class=\"wpb_column vc_column_container vc_col-sm-8\"><div class=\"vc_column-inner\"><div class=\"wpb_wrapper\"><h3 style=\"font-size: 28px;text-align: left\" class=\"vc_custom_heading wpb_animate_when_almost_visible wpb_fadeInUp fadeInUp vc_custom_1668812579533\" >Philosophie<\/h3>\n\t<div class=\"wpb_text_column wpb_content_element  wpb_animate_when_almost_visible wpb_fadeIn fadeIn text\" >\n\t\t<div class=\"wpb_wrapper\">\n\t\t\t<p class=\"translation-block\">La Villa Menethea est une propri\u00e9t\u00e9 familiale et est propos\u00e9e \u00e0 la location, afin que davantage de personnes puissent profiter des avantages de l'intimit\u00e9, du calme et de la nature.<br>\nAyant une exp\u00e9rience de voyage significative, nous essayons d'\u00eatre \u00e0 votre \u00e9coute et d'explorer vos besoins \u00e9ventuels lorsque vous voyagez pour des vacances de courte dur\u00e9e ou de longue dur\u00e9e.<\/p>\n<p><strong>POSSIBILIT\u00c9S DE R\u00c9SERVATION<\/strong><\/p>\n<p>Comme nous consid\u00e9rons que notre maison est vraiment unique, une r\u00e9servation anticip\u00e9e est sugg\u00e9r\u00e9e.<\/p>\n<p class=\"translation-block\">Vous pouvez r\u00e9server via les diff\u00e9rentes plates-formes Internet sur lesquelles Menethea est pr\u00e9sent ou vous pouvez \u00e9galement nous contacter \u00e0\u00a0: \u00a0<a href=\"mailto:info@villamenethea.com\" target=\"_self\">info@villamenethea.com<\/a><\/p>\n<p>En r\u00e8gle g\u00e9n\u00e9rale, la maison est propos\u00e9e dans son ensemble. Cela signifie que vous ne pouvez pas le louer s\u00e9par\u00e9ment, surtout pendant la haute saison (juillet et ao\u00fbt). Cependant, pendant le reste du temps (avril \u00e0 octobre), vous pouvez \u00e9galement louer la maison s\u00e9par\u00e9ment (rez-de-chauss\u00e9e et premier \u00e9tage)\u00a0; si bien s\u00fbr il y a de la disponibilit\u00e9. Dans un tel cas, vous devez nous contacter, car cette possibilit\u00e9 n'est pas offerte par les plateformes.<\/p>\n<p>Vous devez avoir \u00e0 l'esprit que la maison totale peut accueillir (5-8 personnes), c'est-\u00e0-dire (4-5 personnes au rez-de-chauss\u00e9e et 2-3 personnes au premier \u00e9tage).<\/p>\n\n\t\t<\/div>\n\t<\/div>\n<\/div><\/div><\/div><\/div><\/div><\/div><\/div><\/div><div class=\"vc_row-full-width vc_clearfix\"><\/div>","protected":false},"excerpt":{"rendered":"About Villa MenetheaVilla Menethea is a family property and is offered for rent, so that more people can enjoy the advantages of privacy, calmness and nature.The Management Philosophy Villa Menethea is a family property and is offered for rent, so that more people can enjoy the advantages of privacy, calmness and nature. Having significant travel experience we try to be&hellip;","protected":false},"author":1,"featured_media":0,"parent":0,"menu_order":0,"comment_status":"closed","ping_status":"closed","template":"","meta":{"footnotes":""},"class_list":["post-138","page","type-page","status-publish","hentry"],"_links":{"self":[{"href":"https:\/\/villamenethea.com\/fr\/wp-json\/wp\/v2\/pages\/138","targetHints":{"allow":["GET"]}}],"collection":[{"href":"https:\/\/villamenethea.com\/fr\/wp-json\/wp\/v2\/pages"}],"about":[{"href":"https:\/\/villamenethea.com\/fr\/wp-json\/wp\/v2\/types\/page"}],"author":[{"embeddable":true,"href":"https:\/\/villamenethea.com\/fr\/wp-json\/wp\/v2\/users\/1"}],"replies":[{"embeddable":true,"href":"https:\/\/villamenethea.com\/fr\/wp-json\/wp\/v2\/comments?post=138"}],"version-history":[{"count":18,"href":"https:\/\/villamenethea.com\/fr\/wp-json\/wp\/v2\/pages\/138\/revisions"}],"predecessor-version":[{"id":372,"href":"https:\/\/villamenethea.com\/fr\/wp-json\/wp\/v2\/pages\/138\/revisions\/372"}],"wp:attachment":[{"href":"https:\/\/villamenethea.com\/fr\/wp-json\/wp\/v2\/media?parent=138"}],"curies":[{"name":"wp","href":"https:\/\/api.w.org\/{rel}","templated":true}]}}