{"id":189,"date":"2022-11-18T23:23:42","date_gmt":"2022-11-18T23:23:42","guid":{"rendered":"https:\/\/villamenethea.com\/?page_id=189"},"modified":"2022-12-27T21:21:22","modified_gmt":"2022-12-27T21:21:22","slug":"villa-menethea","status":"publish","type":"page","link":"https:\/\/villamenethea.com\/fr\/villa-menethea\/","title":{"rendered":"Villa Menethea"},"content":{"rendered":"<div data-vc-full-width=\"true\" data-vc-full-width-init=\"false\" class=\"vc_row wpb_row vc_row-fluid headertitle vc_custom_1668814408993 vc_row-has-fill vc_row-o-equal-height vc_row-o-content-middle vc_row-flex la_fp_slide la_fp_child_section\"><div class=\"wpb_column vc_column_container vc_col-sm-12\"><div class=\"vc_column-inner\"><div class=\"wpb_wrapper\"><div class=\"vc_row wpb_row vc_inner vc_row-fluid titlesection vc_row-o-equal-height vc_row-o-content-middle vc_row-flex\"><div class=\"wpb_column vc_column_container vc_col-sm-12\"><div class=\"vc_column-inner\"><div class=\"wpb_wrapper\"><h1 style=\"font-size: 84px;text-align: left\" class=\"vc_custom_heading wpb_animate_when_almost_visible wpb_fadeInLeft fadeInLeft\" >Notre Villa Menethea<\/h1><h2 style=\"font-size: 48px;text-align: left\" class=\"vc_custom_heading wpb_animate_when_almost_visible wpb_fadeInLeft fadeInLeft\" >Profitez de votre s\u00e9jour<\/h2><p style=\"font-size: 18px;text-align: left\" class=\"vc_custom_heading subtitle wpb_animate_when_almost_visible wpb_fadeInLeft fadeInLeft\" >La maison peut accueillir jusqu'\u00e0 8 personnes. Il y a deux \u00e9tages s\u00e9par\u00e9s. Les deux ont une cuisine et une salle de bain et sont enti\u00e8rement \u00e9quip\u00e9es avec tout le mobilier et l'\u00e9quipement \u00e9lectronique n\u00e9cessaires pour un s\u00e9jour agr\u00e9able...<\/p><\/div><\/div><\/div><\/div><\/div><\/div><\/div><\/div><div class=\"vc_row-full-width vc_clearfix\"><\/div><div id=\"services\" class=\"vc_row wpb_row vc_row-fluid vc_custom_1670606044118 vc_row-has-fill vc_row-o-equal-height vc_row-o-content-middle vc_row-flex la_fp_slide la_fp_child_section\"><div class=\"wpb_column vc_column_container vc_col-sm-12\"><div class=\"vc_column-inner\"><div class=\"wpb_wrapper\"><div class=\"vc_row wpb_row vc_inner vc_row-fluid\"><div class=\"wpb_column vc_column_container vc_col-sm-12\"><div class=\"vc_column-inner\"><div class=\"wpb_wrapper\"><h3 style=\"font-size: 48px;text-align: left\" class=\"vc_custom_heading wpb_animate_when_almost_visible wpb_fadeInUp fadeInUp\" >PRESTATIONS DE SERVICE<\/h3>\n\t<div class=\"wpb_text_column wpb_content_element\" >\n\t\t<div class=\"wpb_wrapper\">\n\t\t\t<p>La maison peut accueillir jusqu'\u00e0 8 personnes. Il y a deux \u00e9tages s\u00e9par\u00e9s. Les deux ont une cuisine et une salle de bain et sont enti\u00e8rement \u00e9quip\u00e9es avec tout le mobilier et l'\u00e9quipement \u00e9lectronique n\u00e9cessaires pour un s\u00e9jour agr\u00e9able.<\/p>\n<p class=\"translation-block\">Comme nous savons que vous avez voyag\u00e9 pendant des heures en avion, en bateau ou en voiture avant d'arriver \u00e0 Corfou, vous trouverez \u00e0 votre arriv\u00e9e de la nourriture de bienvenue (collations et fruits) et des boissons et bien s\u00fbr une vari\u00e9t\u00e9 de caf\u00e9s\/th\u00e9s. Normalement, un enregistrement physique aura lieu. L'arriv\u00e9e anticip\u00e9e et tardive est possible. Dans ce cas, nous vous donnerons des instructions sur la fa\u00e7on dont vous r\u00e9cup\u00e9rerez les cl\u00e9s.<br>\nEn cas de long s\u00e9jour (plus d'une semaine) un m\u00e9nage interm\u00e9diaire de la maison est pr\u00e9vu.<\/p>\n<p>Comme la maison est isol\u00e9e, un syst\u00e8me de surveillance complet avec des cam\u00e9ras et d'autres moyens est en place pour assurer votre s\u00e9curit\u00e9, tout en pr\u00e9servant votre intimit\u00e9. A votre arriv\u00e9e, vous recevrez un dossier complet avec des informations d\u00e9taill\u00e9es sur la maison, y compris des propositions utiles pour explorer l'\u00eele et une liste de services et de t\u00e9l\u00e9phones en cas d'urgence.<\/p>\n\n\t\t<\/div>\n\t<\/div>\n<\/div><\/div><\/div><\/div><\/div><\/div><\/div><\/div><div class=\"vc_row wpb_row vc_row-fluid vc_row-o-equal-height vc_row-o-content-middle vc_row-flex la_fp_slide la_fp_child_section\"><div class=\"wpb_column vc_column_container vc_col-sm-12\"><div class=\"vc_column-inner\"><div class=\"wpb_wrapper\"><div id=\"villa\" class=\"vc_row wpb_row vc_inner vc_row-fluid vc_custom_1668814809642 vc_row-o-equal-height vc_row-o-content-middle vc_row-flex\"><div class=\"wpb_column vc_column_container vc_col-sm-6\"><div class=\"vc_column-inner\"><div class=\"wpb_wrapper\">\n\t<div  class=\"wpb_single_image wpb_content_element vc_align_center  wpb_animate_when_almost_visible wpb_fadeInUp fadeInUp\">\n\t\t\n\t\t<figure class=\"wpb_wrapper vc_figure\">\n\t\t\t<div class=\"vc_single_image-wrapper   vc_box_border_grey\"><img loading=\"lazy\" decoding=\"async\" width=\"767\" height=\"885\" src=\"https:\/\/villamenethea.com\/wp-content\/uploads\/2022\/11\/about.jpg\" class=\"vc_single_image-img attachment-full\" alt=\"\" \/><\/div>\n\t\t<\/figure>\n\t<\/div>\n<\/div><\/div><\/div><div class=\"wpb_column vc_column_container vc_col-sm-6\"><div class=\"vc_column-inner\"><div class=\"wpb_wrapper\"><h2 style=\"font-size: 40px;text-align: left\" class=\"vc_custom_heading subtitle wpb_animate_when_almost_visible wpb_fadeInUp fadeInUp vc_custom_1668814550601\" >Villa Menethea<\/h2><p style=\"font-size: 18px;text-align: left\" class=\"vc_custom_heading subtitle wpb_animate_when_almost_visible wpb_fadeInUp fadeInUp vc_custom_1672175954495\" >La maison peut accueillir jusqu'\u00e0 8 personnes. Il y a deux \u00e9tages s\u00e9par\u00e9s. Les deux ont une cuisine et une salle de bain et sont enti\u00e8rement \u00e9quip\u00e9es avec tout le mobilier et l'\u00e9quipement \u00e9lectronique n\u00e9cessaires pour un s\u00e9jour agr\u00e9able.<\/p><h2 style=\"font-size: 28px;text-align: left\" class=\"vc_custom_heading subtitle wpb_animate_when_almost_visible wpb_fadeInUp fadeInUp vc_custom_1668814719274\" >Agr\u00e9ments<\/h2>\n\t<div class=\"wpb_text_column wpb_content_element  wpb_animate_when_almost_visible wpb_fadeInUp fadeInUp\" >\n\t\t<div class=\"wpb_wrapper\">\n\t\t\t<ul>\n<li>Cuisine<\/li>\n<li>Wifi<\/li>\n<li>Stationnement gratuit sur la propri\u00e9t\u00e9<\/li>\n<li>la t\u00e9l\u00e9<\/li>\n<li>Machine \u00e0 laver \u2013 \u00e0 la propri\u00e9t\u00e9 : Gratuit<\/li>\n<li>Climatisation<\/li>\n<li>Baignoire<\/li>\n<li>Cam\u00e9ras de s\u00e9curit\u00e9 sur la propri\u00e9t\u00e9<\/li>\n<\/ul>\n\n\t\t<\/div>\n\t<\/div>\n<\/div><\/div><\/div><\/div><\/div><\/div><\/div><\/div><div id=\"villaamenities\" data-vc-full-width=\"true\" data-vc-full-width-init=\"false\" class=\"vc_row wpb_row vc_row-fluid vc_custom_1671567047673 vc_row-has-fill vc_row-o-equal-height vc_row-o-content-middle vc_row-flex la_fp_slide la_fp_child_section\"><div class=\"wpb_column vc_column_container vc_col-sm-12\"><div class=\"vc_column-inner\"><div class=\"wpb_wrapper\"><h3 style=\"font-size: 48px;text-align: center\" class=\"vc_custom_heading wpb_animate_when_almost_visible wpb_fadeInUp fadeInUp\" >\u00c9quipements de Villa Menethea<\/h3><div class=\"vc_separator wpb_content_element vc_separator_align_center vc_sep_width_10 vc_sep_pos_align_center vc_separator_no_text vc_sep_color_black  wpb_animate_when_almost_visible wpb_fadeInUp fadeInUp wpb_animate_when_almost_visible wpb_fadeInUp fadeInUp\" ><span class=\"vc_sep_holder vc_sep_holder_l\"><span  class=\"vc_sep_line\"><\/span><\/span><span class=\"vc_sep_holder vc_sep_holder_r\"><span  class=\"vc_sep_line\"><\/span><\/span>\n<\/div><div class=\"vc_row wpb_row vc_inner vc_row-fluid vc_custom_1668807549231 vc_row-o-equal-height vc_row-o-content-top vc_row-flex\"><div class=\"wpb_column vc_column_container vc_col-sm-4\"><div class=\"vc_column-inner\"><div class=\"wpb_wrapper\"><span data-la_component=\"InsertCustomCSS\" class=\"js-el hidden\">@font-face {\n\t\t\t\t\tfont-family: 'LaStudio Outline';\n\t\t\t\t\tsrc: url('https:\/\/villamenethea.com\/wp-content\/plugins\/lastudio\/public\/fonts\/nucleo-outline.eot');\n\t\t\t\t\tsrc: url('https:\/\/villamenethea.com\/wp-content\/plugins\/lastudio\/public\/fonts\/nucleo-outline.eot') format('embedded-opentype'),\n\t\t\t\t\turl('https:\/\/villamenethea.com\/wp-content\/plugins\/lastudio\/public\/fonts\/nucleo-outline.woff2') format('woff2'),\n\t\t\t\t\turl('https:\/\/villamenethea.com\/wp-content\/plugins\/lastudio\/public\/fonts\/nucleo-outline.woff') format('woff'),\n\t\t\t\t\turl('https:\/\/villamenethea.com\/wp-content\/plugins\/lastudio\/public\/fonts\/nucleo-outline.ttf') format('truetype'),\n\t\t\t\t\turl('https:\/\/villamenethea.com\/wp-content\/plugins\/lastudio\/public\/fonts\/nucleo-outline.svg') format('svg');\n\t\t\t\t\tfont-weight: 400;\n\t\t\t\t\tfont-style: normal\n\t\t\t\t}<\/span><div id=\"la_icon_boxes_69e4d1d59f964\" class=\"la-sc-icon-boxes wpb_content_element icon-type-normal icon-pos-top icon-style-simple\">\n    <div class=\"icon-boxes-inner\"><div class=\"box-icon-top\"><div class=\"box-icon-inner type-icon\"><div class=\"wrap-icon\"><div class=\"box-icon box-icon-style-simple\"><span><i class=\"la-icon food_barbecue-tools\"><\/i><\/span><\/div><\/div><\/div><\/div><div class=\"box-contents\"><div class=\"box-heading\"><h5 class=\"js-el la-unit-responsive icon-heading\" style=\"\" >Cuisine &amp; salle \u00e0 manger<\/h5><\/div><div class=\"js-el la-unit-responsive box-description\" style=\"\" ><p>Espace o\u00f9 vous pourrez cuisiner, R\u00e9frig\u00e9rateur, Ustensiles de cuisine (Po\u00eales et casseroles, huile, sel et poivre), Vaisselle et couverts (Bols, baguettes, assiettes, mugs, etc.), Cong\u00e9lateur, Lave-vaisselle, Cuisine, Four, Bouilloire, Machine \u00e0 caf\u00e9, Verres \u00e0 vin, Grille-pain, Coin repas<\/p>\n<\/div><\/div><\/div>\n<\/div>\n<span data-la_component=\"InsertCustomCSS\" class=\"js-el hidden\">#la_icon_boxes_69e4d1d59f964.la-sc-icon-boxes .wrap-icon .box-icon span{line-height:60px;font-size:60px;width:60px;height:60px}<\/span>\n<\/div><\/div><\/div><div class=\"wpb_column vc_column_container vc_col-sm-4\"><div class=\"vc_column-inner\"><div class=\"wpb_wrapper\"><div id=\"la_icon_boxes_69e4d1d59fb55\" class=\"la-sc-icon-boxes wpb_content_element icon-type-normal icon-pos-top icon-style-simple\">\n    <div class=\"icon-boxes-inner\"><div class=\"box-icon-top\"><div class=\"box-icon-inner type-icon\"><div class=\"wrap-icon\"><div class=\"box-icon box-icon-style-simple\"><span><i class=\"la-icon furniture_bath-tub\"><\/i><\/span><\/div><\/div><\/div><\/div><div class=\"box-contents\"><div class=\"box-heading\"><h5 class=\"js-el la-unit-responsive icon-heading\" style=\"\" >Salle de bain &amp; buanderie<\/h5><\/div><div class=\"js-el la-unit-responsive box-description\" style=\"\" ><p>L'espace contient, Baignoire, S\u00e8che-cheveux, Articles n\u00e9cessaires (Serviettes, draps, savon et papier toilette), Produits d'entretien, Adoucissant, Douche ext\u00e9rieure, Eau chaude, Lave-linge \u2013 sur la propri\u00e9t\u00e9 : Gratuit, Fer \u00e0 repasser, Portant<\/p>\n<\/div><\/div><\/div>\n<\/div>\n<span data-la_component=\"InsertCustomCSS\" class=\"js-el hidden\">#la_icon_boxes_69e4d1d59fb55.la-sc-icon-boxes .wrap-icon .box-icon span{line-height:60px;font-size:60px;width:60px;height:60px}<\/span>\n<\/div><\/div><\/div><div class=\"wpb_column vc_column_container vc_col-sm-4\"><div class=\"vc_column-inner\"><div class=\"wpb_wrapper\"><div id=\"la_icon_boxes_69e4d1d59fd05\" class=\"la-sc-icon-boxes wpb_content_element icon-type-normal icon-pos-top icon-style-simple\">\n    <div class=\"icon-boxes-inner\"><div class=\"box-icon-top\"><div class=\"box-icon-inner type-icon\"><div class=\"wrap-icon\"><div class=\"box-icon box-icon-style-simple\"><span><i class=\"la-icon furniture_bed-09\"><\/i><\/span><\/div><\/div><\/div><\/div><div class=\"box-contents\"><div class=\"box-heading\"><h5 class=\"js-el la-unit-responsive icon-heading\" style=\"\" >Pi\u00e8ces<\/h5><\/div><div class=\"js-el la-unit-responsive box-description\" style=\"\" ><p>L'espace contient, Cintres, Linge de lit, Oreillers et couvertures suppl\u00e9mentaires, Rideaux occultants, Fer \u00e0 repasser, Moustiquaire, Rangement v\u00eatements : penderie, TV, Livres et mat\u00e9riel de lecture, Lit b\u00e9b\u00e9, Climatisation, Ventilateurs portables<\/p>\n<\/div><\/div><\/div>\n<\/div>\n<span data-la_component=\"InsertCustomCSS\" class=\"js-el hidden\">#la_icon_boxes_69e4d1d59fd05.la-sc-icon-boxes .wrap-icon .box-icon span{line-height:60px;font-size:60px;width:60px;height:60px}<\/span>\n<\/div><\/div><\/div><\/div><div class=\"vc_row wpb_row vc_inner vc_row-fluid vc_custom_1668808107469 vc_row-o-equal-height vc_row-o-content-top vc_row-flex\"><div class=\"wpb_column vc_column_container vc_col-sm-4\"><div class=\"vc_column-inner\"><div class=\"wpb_wrapper\"><div id=\"la_icon_boxes_69e4d1d59ff5b\" class=\"la-sc-icon-boxes wpb_content_element icon-type-normal icon-pos-top icon-style-simple\">\n    <div class=\"icon-boxes-inner\"><div class=\"box-icon-top\"><div class=\"box-icon-inner type-icon\"><div class=\"wrap-icon\"><div class=\"box-icon box-icon-style-simple\"><span><i class=\"la-icon tech_wifi\"><\/i><\/span><\/div><\/div><\/div><\/div><div class=\"box-contents\"><div class=\"box-heading\"><h5 class=\"js-el la-unit-responsive icon-heading\" style=\"\" >Internet, s\u00e9curit\u00e9 et divertissement<\/h5><\/div><div class=\"js-el la-unit-responsive box-description\" style=\"\" ><p>La zone o\u00f9 les clients visitent contient, Wifi, TV, Livres et mat\u00e9riel de lecture, Cam\u00e9ras de s\u00e9curit\u00e9 sur la propri\u00e9t\u00e9, Extincteur, Trousse de premiers secours,<\/p>\n<\/div><\/div><\/div>\n<\/div>\n<span data-la_component=\"InsertCustomCSS\" class=\"js-el hidden\">#la_icon_boxes_69e4d1d59ff5b.la-sc-icon-boxes .wrap-icon .box-icon span{line-height:60px;font-size:60px;width:60px;height:60px}<\/span>\n<\/div><\/div><\/div><div class=\"wpb_column vc_column_container vc_col-sm-4\"><div class=\"vc_column-inner\"><div class=\"wpb_wrapper\"><div id=\"la_icon_boxes_69e4d1d5a00f1\" class=\"la-sc-icon-boxes wpb_content_element icon-type-normal icon-pos-top icon-style-simple\">\n    <div class=\"icon-boxes-inner\"><div class=\"box-icon-top\"><div class=\"box-icon-inner type-icon\"><div class=\"wrap-icon\"><div class=\"box-icon box-icon-style-simple\"><span><i class=\"la-icon location_compass-04\"><\/i><\/span><\/div><\/div><\/div><\/div><div class=\"box-contents\"><div class=\"box-heading\"><h5 class=\"js-el la-unit-responsive icon-heading\" style=\"\" >Emplacement<\/h5><\/div><div class=\"js-el la-unit-responsive box-description\" style=\"\" ><p class=\"translation-block\">Entr\u00e9e priv\u00e9e - Rue priv\u00e9e de 80 m reliant la route nationale principale Corfou - Lefkimi<br>\nExt\u00e9rieur : Mobilier d'ext\u00e9rieur<br>\nStationnement et commodit\u00e9s : Stationnement gratuit sur la propri\u00e9t\u00e9<\/p>\n<\/div><\/div><\/div>\n<\/div>\n<span data-la_component=\"InsertCustomCSS\" class=\"js-el hidden\">#la_icon_boxes_69e4d1d5a00f1.la-sc-icon-boxes .wrap-icon .box-icon span{line-height:60px;font-size:60px;width:60px;height:60px}<\/span>\n<\/div><\/div><\/div><div class=\"wpb_column vc_column_container vc_col-sm-4\"><div class=\"vc_column-inner\"><div class=\"wpb_wrapper\"><div id=\"la_icon_boxes_69e4d1d5a0268\" class=\"la-sc-icon-boxes wpb_content_element icon-type-normal icon-pos-top icon-style-simple\">\n    <div class=\"icon-boxes-inner\"><div class=\"box-icon-top\"><div class=\"box-icon-inner type-icon\"><div class=\"wrap-icon\"><div class=\"box-icon box-icon-style-simple\"><span><i class=\"la-icon nature_dog-house\"><\/i><\/span><\/div><\/div><\/div><\/div><div class=\"box-contents\"><div class=\"box-heading\"><h5 class=\"js-el la-unit-responsive icon-heading\" style=\"\" >Services aux villas<\/h5><\/div><div class=\"js-el la-unit-responsive box-description\" style=\"\" ><p class=\"translation-block\">Arriv\u00e9e et d\u00e9part anticip\u00e9s et tardifs sur communication<br>\nEnregistrement physique (en personne) \u00e0 l'arriv\u00e9e et au d\u00e9part<\/p>\n<\/div><\/div><\/div>\n<\/div>\n<span data-la_component=\"InsertCustomCSS\" class=\"js-el hidden\">#la_icon_boxes_69e4d1d5a0268.la-sc-icon-boxes .wrap-icon .box-icon span{line-height:60px;font-size:60px;width:60px;height:60px}<\/span>\n<\/div><\/div><\/div><\/div><\/div><\/div><\/div><\/div><div class=\"vc_row-full-width vc_clearfix\"><\/div>","protected":false},"excerpt":{"rendered":"Our Villa MenetheaEnjoy Your StayThe house can host up to 8 persons. There are two separate floors. Both of them have kitchen and bathroom and are fully equipped with all necessary furniture and electronic equipment for a pleasant stay...SERVICES The house can host up to 8 persons. There are two separate floors. Both of them have kitchen and bathroom and&hellip;","protected":false},"author":1,"featured_media":0,"parent":0,"menu_order":0,"comment_status":"closed","ping_status":"closed","template":"","meta":{"footnotes":""},"class_list":["post-189","page","type-page","status-publish","hentry"],"_links":{"self":[{"href":"https:\/\/villamenethea.com\/fr\/wp-json\/wp\/v2\/pages\/189","targetHints":{"allow":["GET"]}}],"collection":[{"href":"https:\/\/villamenethea.com\/fr\/wp-json\/wp\/v2\/pages"}],"about":[{"href":"https:\/\/villamenethea.com\/fr\/wp-json\/wp\/v2\/types\/page"}],"author":[{"embeddable":true,"href":"https:\/\/villamenethea.com\/fr\/wp-json\/wp\/v2\/users\/1"}],"replies":[{"embeddable":true,"href":"https:\/\/villamenethea.com\/fr\/wp-json\/wp\/v2\/comments?post=189"}],"version-history":[{"count":31,"href":"https:\/\/villamenethea.com\/fr\/wp-json\/wp\/v2\/pages\/189\/revisions"}],"predecessor-version":[{"id":370,"href":"https:\/\/villamenethea.com\/fr\/wp-json\/wp\/v2\/pages\/189\/revisions\/370"}],"wp:attachment":[{"href":"https:\/\/villamenethea.com\/fr\/wp-json\/wp\/v2\/media?parent=189"}],"curies":[{"name":"wp","href":"https:\/\/api.w.org\/{rel}","templated":true}]}}